{"id":2964,"date":"2019-11-01T01:49:59","date_gmt":"2019-11-01T00:49:59","guid":{"rendered":"https:\/\/magmatagri.com\/matagri\/?page_id=2964"},"modified":"2023-02-13T14:20:58","modified_gmt":"2023-02-13T13:20:58","slug":"a-propos","status":"publish","type":"page","link":"https:\/\/magmatagri.com\/matagri\/a-propos\/","title":{"rendered":"\u00c0 PROPOS"},"content":{"rendered":"<p>[vc_row css=&#8221;.vc_custom_1575050563255{margin-top: 3% !important;margin-bottom: -5% !important;}&#8221;][vc_column width=&#8221;1\/6&#8243;]<div class=\"martfury-empty-space \"><div class=\"mf_empty_space_lg\"  style=\"height: 25px\"><\/div><div class=\"mf_empty_space_md\"  style=\"height: 25px\"><\/div><div class=\"mf_empty_space_xs\"  style=\"height: 25px\"><\/div><\/div>[\/vc_column][vc_column width=&#8221;2\/3&#8243;][vc_custom_heading text=&#8221;QUI SOMMES NOUS?&#8221; font_container=&#8221;tag:h1|font_size:20|text_align:center|color:%230f0f0f|line_height:1&#8243; use_theme_fonts=&#8221;yes&#8221; el_class=&#8221;semibold&#8221; css=&#8221;.vc_custom_1671008716378{margin-top: 0px !important;margin-bottom: 50px !important;}&#8221;][\/vc_column][vc_column width=&#8221;1\/6&#8243;][\/vc_column][\/vc_row][vc_row css=&#8221;.vc_custom_1572571640983{margin-top: 3% !important;}&#8221;][vc_column width=&#8221;1\/2&#8243; css=&#8221;.vc_custom_1572571718019{margin-right: 25% !important;}&#8221;][vc_column_text]<img decoding=\"async\" loading=\"lazy\" class=\"wp-image-4106 aligncenter\" src=\"https:\/\/magmatagri.com\/matagri\/wp-content\/uploads\/2022\/12\/matagri-logo.png\" alt=\"LOGO MAG MATAGI\" width=\"168\" height=\"134\" \/><\/p>\n<p><em><strong>SARL MATAGRI<\/strong><\/em>\u00a0est une soci\u00e9t\u00e9 alg\u00e9rienne de droit. Elle est sp\u00e9cialis\u00e9e dans la fabrication de mat\u00e9riel de traitement agricole \u00e0 savoir:<\/p>\n<p><strong>Pulv\u00e9risateur<\/strong>:\u00a0Qui se classe en deux types (<strong>Port\u00e9<\/strong> et <strong>Train\u00e9<\/strong>)<br \/>\n<strong>Atomiseur<\/strong>: Tout comme ce dernier, il se classe en Atomiseurs <strong>port\u00e9s<\/strong> et <strong>train\u00e9s<\/strong>[\/vc_column_text]<div class=\"martfury-empty-space \"><div class=\"mf_empty_space_lg\"  style=\"height: 25px\"><\/div><div class=\"mf_empty_space_md\"  style=\"height: 25px\"><\/div><div class=\"mf_empty_space_xs\"  style=\"height: 25px\"><\/div><\/div>[\/vc_column][vc_column width=&#8221;1\/2&#8243; css=&#8221;.vc_custom_1572572385098{margin-right: -5% !important;}&#8221; el_class=&#8221;icones_1&#8243;]<div class=\"martfury-empty-space \"><div class=\"mf_empty_space_lg\"  style=\"height: 105px\"><\/div><div class=\"mf_empty_space_md\"  style=\"height: 105px\"><\/div><div class=\"mf_empty_space_xs\"  style=\"height: 105px\"><\/div><\/div>[vc_row_inner][vc_column_inner width=&#8221;1\/3&#8243;][vc_single_image image=&#8221;4271&#8243; img_size=&#8221;full&#8221; alignment=&#8221;center&#8221;][\/vc_column_inner][vc_column_inner width=&#8221;1\/3&#8243;][vc_single_image image=&#8221;4270&#8243; img_size=&#8221;full&#8221; alignment=&#8221;center&#8221;][\/vc_column_inner][vc_column_inner width=&#8221;1\/3&#8243;][vc_single_image image=&#8221;4267&#8243; img_size=&#8221;full&#8221; alignment=&#8221;center&#8221;][\/vc_column_inner][\/vc_row_inner][vc_row_inner][vc_column_inner width=&#8221;1\/3&#8243;][vc_single_image image=&#8221;4266&#8243; img_size=&#8221;full&#8221; alignment=&#8221;center&#8221;][\/vc_column_inner][vc_column_inner width=&#8221;1\/3&#8243;][vc_single_image image=&#8221;4265&#8243; img_size=&#8221;full&#8221; alignment=&#8221;center&#8221;][\/vc_column_inner][vc_column_inner width=&#8221;1\/3&#8243;][vc_single_image image=&#8221;4268&#8243; img_size=&#8221;full&#8221; alignment=&#8221;center&#8221;][\/vc_column_inner][\/vc_row_inner][\/vc_column][\/vc_row][vc_row full_width=&#8221;stretch_row_content_no_spaces&#8221; css=&#8221;.vc_custom_1671008761137{margin-top: 5% !important;background-image: url(https:\/\/magmatagri.com\/matagri\/wp-content\/uploads\/2022\/12\/matagri-pulverisateur-atomiseur-algerie-mag-sarl-materiel-agricole-1.jpg?id=4253) !important;background-position: center !important;background-repeat: no-repeat !important;background-size: cover !important;}&#8221; el_id=&#8221;renseignements&#8221;][vc_column width=&#8221;1\/2&#8243; css=&#8221;.vc_custom_1572537044916{margin-left: 25% !important;padding-top: 3% !important;padding-bottom: 3% !important;}&#8221;][vc_column_text css=&#8221;.vc_custom_1671008590929{margin-bottom: -3% !important;}&#8221;]<\/p>\n<h3><span style=\"color: #ffffff; font-weight: 500 !important; font-size: 1.2em;\">Plus de d\u00e9tails sur nos <em><strong>PRODUITS<\/strong><\/em>?<\/span><\/h3>\n<div id=\"gtx-trans\" style=\"position: absolute; left: 119px; top: 59px;\">\n<div class=\"gtx-trans-icon\"><\/div>\n<\/div>\n<p>[\/vc_column_text][vc_column_text css=&#8221;.vc_custom_1671008609801{padding-bottom: 3% !important;}&#8221;]<\/p>\n<h3><span style=\"color: #ffffff; font-weight: 300 !important;\"><i class=\"fa fa-phone\"><\/i> Appelez-nous sur :\u00a0 <strong>025-269-061 \/ 0560-026-475 <\/strong><\/span><\/h3>\n<p>[\/vc_column_text][\/vc_column][vc_column width=&#8221;1\/2&#8243;]<div class=\"martfury-empty-space \"><div class=\"mf_empty_space_lg\"  style=\"height: 50px\"><\/div><div class=\"mf_empty_space_md\"  style=\"height: 50px\"><\/div><div class=\"mf_empty_space_xs\"  style=\"height: 50px\"><\/div><\/div>[vc_btn title=&#8221;CONTACT&#8221; color=&#8221;white&#8221; align=&#8221;center&#8221; i_type=&#8221;openiconic&#8221; i_icon_openiconic=&#8221;vc-oi vc-oi-mail&#8221; add_icon=&#8221;true&#8221; css=&#8221;.vc_custom_1580671828567{background-color: rgba(255,255,255,0.01) !important;*background-color: rgb(255,255,255) !important;}&#8221; link=&#8221;url:https%3A%2F%2Fmagmatagri.com\/matagri%2Fnous-contacter%2F|title:NOUS%20CONTACTER||&#8221;][\/vc_column][\/vc_row]<\/p>\n","protected":false},"excerpt":{"rendered":"<p>[vc_row css=&#8221;.vc_custom_1575050563255{margin-top: 3% !important;margin-bottom: -5% !important;}&#8221;][vc_column width=&#8221;1\/6&#8243;][\/vc_column][vc_column width=&#8221;2\/3&#8243;][vc_custom_heading text=&#8221;QUI SOMMES NOUS?&#8221; font_container=&#8221;tag:h1|font_size:20|text_align:center|color:%230f0f0f|line_height:1&#8243; use_theme_fonts=&#8221;yes&#8221; el_class=&#8221;semibold&#8221; css=&#8221;.vc_custom_1671008716378{margin-top: 0px !important;margin-bottom: 50px !important;}&#8221;][\/vc_column][vc_column width=&#8221;1\/6&#8243;][\/vc_column][\/vc_row][vc_row css=&#8221;.vc_custom_1572571640983{margin-top: 3% !important;}&#8221;][vc_column width=&#8221;1\/2&#8243; css=&#8221;.vc_custom_1572571718019{margin-right: 25% !important;}&#8221;][vc_column_text] SARL MATAGRI\u00a0est une soci\u00e9t\u00e9 alg\u00e9rienne de droit. Elle est sp\u00e9cialis\u00e9e dans la fabrication de mat\u00e9riel de traitement agricole \u00e0 savoir: Pulv\u00e9risateur:\u00a0Qui se classe en deux types (Port\u00e9 et&hellip;<\/p>\n","protected":false},"author":1,"featured_media":0,"parent":0,"menu_order":0,"comment_status":"closed","ping_status":"closed","template":"template-homepage.php","meta":[],"_links":{"self":[{"href":"https:\/\/magmatagri.com\/matagri\/wp-json\/wp\/v2\/pages\/2964"}],"collection":[{"href":"https:\/\/magmatagri.com\/matagri\/wp-json\/wp\/v2\/pages"}],"about":[{"href":"https:\/\/magmatagri.com\/matagri\/wp-json\/wp\/v2\/types\/page"}],"author":[{"embeddable":true,"href":"https:\/\/magmatagri.com\/matagri\/wp-json\/wp\/v2\/users\/1"}],"replies":[{"embeddable":true,"href":"https:\/\/magmatagri.com\/matagri\/wp-json\/wp\/v2\/comments?post=2964"}],"version-history":[{"count":43,"href":"https:\/\/magmatagri.com\/matagri\/wp-json\/wp\/v2\/pages\/2964\/revisions"}],"predecessor-version":[{"id":4357,"href":"https:\/\/magmatagri.com\/matagri\/wp-json\/wp\/v2\/pages\/2964\/revisions\/4357"}],"wp:attachment":[{"href":"https:\/\/magmatagri.com\/matagri\/wp-json\/wp\/v2\/media?parent=2964"}],"curies":[{"name":"wp","href":"https:\/\/api.w.org\/{rel}","templated":true}]}}